{"id":37,"date":"2018-03-21T15:51:41","date_gmt":"2018-03-21T15:51:41","guid":{"rendered":"http:\/\/fortram.org\/maximus\/blog\/?page_id=37"},"modified":"2020-11-05T14:11:04","modified_gmt":"2020-11-05T17:11:04","slug":"home-6","status":"publish","type":"page","link":"https:\/\/maximusatelier.com.br\/blog\/","title":{"rendered":"Home 6"},"content":{"rendered":"<div class=\"wpb-content-wrapper\"><p><span data-mce-type=\"bookmark\" style=\"display: inline-block; width: 0px; overflow: hidden; line-height: 0;\" class=\"mce_SELRES_start\">\ufeff<\/span>[vc_row full_width=&#8221;stretch_row&#8221; scheme=&#8221;dark&#8221; hide_bg_image_on_tablet=&#8221;&#8221; hide_bg_image_on_mobile=&#8221;&#8221; css=&#8221;.vc_custom_1593103165866{margin-top: -80px !important;margin-right: 0px !important;margin-bottom: 30px !important;margin-left: 0px !important;background-image: url(https:\/\/maximusatelier.com.br\/blog\/wp-content\/uploads\/2020\/06\/bg-blog-2.jpg?id=4307) !important;background-position: center !important;background-repeat: no-repeat !important;background-size: cover !important;border-radius: 5px !important;}&#8221;][vc_column icons_position=&#8221;left&#8221;][vc_empty_space height=&#8221;120px&#8221; alter_height=&#8221;none&#8221; hide_on_wide=&#8221;&#8221; hide_on_desktop=&#8221;&#8221; hide_on_notebook=&#8221;&#8221; hide_on_tablet=&#8221;&#8221; hide_on_mobile=&#8221;&#8221;][vc_column_text]<\/p>\n<h2 style=\"text-align: center;\"><strong>Blog para Noivas: <\/strong><br \/>\nVestidos de Casamento e Festa<\/h2>\n<p>[\/vc_column_text][vc_empty_space height=&#8221;120px&#8221; alter_height=&#8221;none&#8221; hide_on_wide=&#8221;&#8221; hide_on_desktop=&#8221;&#8221; hide_on_notebook=&#8221;&#8221; hide_on_tablet=&#8221;&#8221; hide_on_mobile=&#8221;&#8221;][\/vc_column][\/vc_row]<span data-mce-type=\"bookmark\" style=\"display: inline-block; width: 0px; overflow: hidden; line-height: 0;\" class=\"mce_SELRES_end\">\ufeff<\/span>[vc_row css=&#8221;.vc_custom_1592959260579{background-size: cover !important;}&#8221;][vc_column width=&#8221;1\/3&#8243; icons_position=&#8221;left&#8221;][vc_widget_sidebar sidebar_id=&#8221;custom_widgets_3&#8243;][\/vc_column][vc_column width=&#8221;2\/3&#8243; icons_position=&#8221;left&#8221;]<div  id=\"sc_blogger_427877458\"\t\tclass=\"sc_blogger sc_blogger_extra\"><div class=\"sc_blogger_content sc_item_content sc_item_posts_container posts_container extra_wrap\"><article id=\"post-3914\" \n\tclass=\"post_item post_layout_extra post_format_standard post-3914 post type-post status-publish format-standard has-post-thumbnail hentry category-moda-noiva category-sem-categoria category-vestidos-noiva\"\t\t>\n\t<div class=\"post_featured with_thumb hover_simple post_featured_bg buzzstone_inline_1087693753\">\t\t\t\t\t\t<div class=\"mask\"><\/div>\n\t\t\t\t\t\t            <a href=\"https:\/\/maximusatelier.com.br\/blog\/4-dicas-para-escolher-o-seu-vestido-de-noiva\/\"  aria-hidden=\"true\" class=\"icons\"><\/a>\n            <span class=\"post_categories_style\"><a href=\"https:\/\/maximusatelier.com.br\/blog\/category\/moda-noiva\/\" rel=\"category tag\">Moda Noiva<\/a> <a href=\"https:\/\/maximusatelier.com.br\/blog\/category\/sem-categoria\/\" rel=\"category tag\">Sem categoria<\/a> <a href=\"https:\/\/maximusatelier.com.br\/blog\/category\/vestidos-noiva\/\" rel=\"category tag\">Vestidos de Noiva<\/a><\/span><\/div><div class=\"wrap_post_content\">\t\t<div class=\"post_header entry-header\">\n\t\t\t<h2 class=\"post_title entry-title\"><a href=\"https:\/\/maximusatelier.com.br\/blog\/4-dicas-para-escolher-o-seu-vestido-de-noiva\/\" rel=\"bookmark\">4 DICAS PARA ESCOLHER O SEU VESTIDO DE NOIVA<\/a><\/h2>\t\t<\/div><!-- .post_header -->\n\t\t\t\t<div class=\"post_content entry-content\">\n\t\t\t\t\t\t<div class=\"post_content_inner\">\n\t\t\t\tOi gente! Tudo bem? Este post \u00e9 especial para as noivas que est\u00e3o em busca do vestido&nbsp;dos sonho...\t\t\t\t<\/div>\n\t\t\t\t\t\t<\/div><!-- .entry-content -->\n\t\t\t\t<div class=\"post_meta\">\n\t\t\t\t\t\t\t\t\t\t<a class=\"post_meta_item post_author\" rel=\"author\" href=\"https:\/\/maximusatelier.com.br\/blog\/author\/maximus-atelier\/\">\n\t\t\t\t\t\t\t\tpor \t\t\t\t\t\t\t\tMaximus Atelier\t\t\t\t\t\t\t<\/a>\n\t\t\t\t\t\t\t <a href=\"https:\/\/maximusatelier.com.br\/blog\/4-dicas-para-escolher-o-seu-vestido-de-noiva\/#respond\" class=\"post_meta_item post_counters_item post_counters_comments trx_addons_icon-comment\"><span class=\"post_counters_number\">0<\/span><span class=\"post_counters_label\">Coment\u00e1rios<\/span><\/a> \t\t<\/div><!-- .post_meta -->\n\t\t\t<\/div><\/article>\n<article id=\"post-2389\" \n\tclass=\"post_item post_layout_extra post_format_standard post-2389 post type-post status-publish format-standard has-post-thumbnail hentry category-moda-noiva category-vestidos-noiva tag-adriano-e-andre-salao tag-cabelo-de-noiva tag-casa-beauty tag-casamento tag-casamentos tag-inspiracao tag-make-noiva tag-maquiagem tag-penteado tag-penteado-de-noiva\"\t\t>\n\t<div class=\"post_featured with_thumb hover_simple post_featured_bg buzzstone_inline_1471131507\">\t\t\t\t\t\t<div class=\"mask\"><\/div>\n\t\t\t\t\t\t            <a href=\"https:\/\/maximusatelier.com.br\/blog\/noivas-classicas-e-cheias-de-estilo\/\"  aria-hidden=\"true\" class=\"icons\"><\/a>\n            <span class=\"post_categories_style\"><a href=\"https:\/\/maximusatelier.com.br\/blog\/category\/moda-noiva\/\" rel=\"category tag\">Moda Noiva<\/a> <a href=\"https:\/\/maximusatelier.com.br\/blog\/category\/vestidos-noiva\/\" rel=\"category tag\">Vestidos de Noiva<\/a><\/span><\/div><div class=\"wrap_post_content\">\t\t<div class=\"post_header entry-header\">\n\t\t\t<h2 class=\"post_title entry-title\"><a href=\"https:\/\/maximusatelier.com.br\/blog\/noivas-classicas-e-cheias-de-estilo\/\" rel=\"bookmark\">Noivas cl\u00e1ssicas e cheias de estilo!<\/a><\/h2>\t\t<\/div><!-- .post_header -->\n\t\t\t\t<div class=\"post_content entry-content\">\n\t\t\t\t\t\t<div class=\"post_content_inner\">\n\t\t\t\tJ\u00e1 imaginou que del\u00edcia poder olhar seu \u00e1lbum de casamento daqui 10, 20 ou 30 anos e sentir que voc\u00ea...\t\t\t\t<\/div>\n\t\t\t\t\t\t<\/div><!-- .entry-content -->\n\t\t\t\t<div class=\"post_meta\">\n\t\t\t\t\t\t\t\t\t\t<a class=\"post_meta_item post_author\" rel=\"author\" href=\"https:\/\/maximusatelier.com.br\/blog\/author\/camila-agner\/\">\n\t\t\t\t\t\t\t\tpor \t\t\t\t\t\t\t\tCamila Agner\t\t\t\t\t\t\t<\/a>\n\t\t\t\t\t\t\t <a href=\"https:\/\/maximusatelier.com.br\/blog\/noivas-classicas-e-cheias-de-estilo\/#respond\" class=\"post_meta_item post_counters_item post_counters_comments trx_addons_icon-comment\"><span class=\"post_counters_number\">0<\/span><span class=\"post_counters_label\">Coment\u00e1rios<\/span><\/a> \t\t<\/div><!-- .post_meta -->\n\t\t\t<\/div><\/article>\n<article id=\"post-2344\" \n\tclass=\"post_item post_layout_extra post_format_standard post-2344 post type-post status-publish format-standard has-post-thumbnail hentry category-festa-e-cerimonial-de-casamento category-moda-noiva category-vestidos-noiva tag-casamento tag-casamento-no-parana tag-casamento-parana tag-casamento-real tag-casamentos-reais tag-inspiracao tag-noivos tag-vestido-de-noiva tag-vestido-maximus-atelier tag-vida-a-dois\"\t\t>\n\t<div class=\"post_featured with_thumb hover_simple post_featured_bg buzzstone_inline_404575348\">\t\t\t\t\t\t<div class=\"mask\"><\/div>\n\t\t\t\t\t\t            <a href=\"https:\/\/maximusatelier.com.br\/blog\/casamento-cida-e-pedro\/\"  aria-hidden=\"true\" class=\"icons\"><\/a>\n            <span class=\"post_categories_style\"><a href=\"https:\/\/maximusatelier.com.br\/blog\/category\/festa-e-cerimonial-de-casamento\/\" rel=\"category tag\">Festa e Cerimonial de Casamento<\/a> <a href=\"https:\/\/maximusatelier.com.br\/blog\/category\/moda-noiva\/\" rel=\"category tag\">Moda Noiva<\/a> <a href=\"https:\/\/maximusatelier.com.br\/blog\/category\/vestidos-noiva\/\" rel=\"category tag\">Vestidos de Noiva<\/a><\/span><\/div><div class=\"wrap_post_content\">\t\t<div class=\"post_header entry-header\">\n\t\t\t<h2 class=\"post_title entry-title\"><a href=\"https:\/\/maximusatelier.com.br\/blog\/casamento-cida-e-pedro\/\" rel=\"bookmark\">Casamento Cida e Pedro: &#8220;Me curei pra poder casar&#8221;<\/a><\/h2>\t\t<\/div><!-- .post_header -->\n\t\t\t\t<div class=\"post_content entry-content\">\n\t\t\t\t\t\t<div class=\"post_content_inner\">\n\t\t\t\tNa hist\u00f3ria de Cida e Pedro, j\u00e1 s\u00e3o 44 anos juntos. Conhe\u00e7a essa hist\u00f3ria repleta de amores e conqui...\t\t\t\t<\/div>\n\t\t\t\t\t\t<\/div><!-- .entry-content -->\n\t\t\t\t<div class=\"post_meta\">\n\t\t\t\t\t\t\t\t\t\t<a class=\"post_meta_item post_author\" rel=\"author\" href=\"https:\/\/maximusatelier.com.br\/blog\/author\/camila-agner\/\">\n\t\t\t\t\t\t\t\tpor \t\t\t\t\t\t\t\tCamila Agner\t\t\t\t\t\t\t<\/a>\n\t\t\t\t\t\t\t <a href=\"https:\/\/maximusatelier.com.br\/blog\/casamento-cida-e-pedro\/#comments\" class=\"post_meta_item post_counters_item post_counters_comments trx_addons_icon-comment\"><span class=\"post_counters_number\">78<\/span><span class=\"post_counters_label\">Coment\u00e1rios<\/span><\/a> \t\t<\/div><!-- .post_meta -->\n\t\t\t<\/div><\/article>\n<article id=\"post-2085\" \n\tclass=\"post_item post_layout_extra post_format_standard post-2085 post type-post status-publish format-standard has-post-thumbnail hentry category-festa-e-cerimonial-de-casamento tag-casamentos tag-equipe-eron-zeni tag-eron-zeni tag-fotografia tag-fotografia-africa tag-fotografo-de-casamentos tag-fotografo-profissional\"\t\t>\n\t<div class=\"post_featured with_thumb hover_simple post_featured_bg buzzstone_inline_1140392067\">\t\t\t\t\t\t<div class=\"mask\"><\/div>\n\t\t\t\t\t\t            <a href=\"https:\/\/maximusatelier.com.br\/blog\/ele-tem-simplicidade-no-olhar-eron-zeni\/\"  aria-hidden=\"true\" class=\"icons\"><\/a>\n            <span class=\"post_categories_style\"><a href=\"https:\/\/maximusatelier.com.br\/blog\/category\/festa-e-cerimonial-de-casamento\/\" rel=\"category tag\">Festa e Cerimonial de Casamento<\/a><\/span><\/div><div class=\"wrap_post_content\">\t\t<div class=\"post_header entry-header\">\n\t\t\t<h2 class=\"post_title entry-title\"><a href=\"https:\/\/maximusatelier.com.br\/blog\/ele-tem-simplicidade-no-olhar-eron-zeni\/\" rel=\"bookmark\">Ele tem simplicidade no olhar: Eron Zeni<\/a><\/h2>\t\t<\/div><!-- .post_header -->\n\t\t\t\t<div class=\"post_content entry-content\">\n\t\t\t\t\t\t<div class=\"post_content_inner\">\n\t\t\t\tPara mim, o ano de 1996 \u00e9 especial. Foi neste ano que minha fam\u00edlia cresceu e eu ganhei um irm\u00e3ozinh...\t\t\t\t<\/div>\n\t\t\t\t\t\t<\/div><!-- .entry-content -->\n\t\t\t\t<div class=\"post_meta\">\n\t\t\t\t\t\t\t\t\t\t<a class=\"post_meta_item post_author\" rel=\"author\" href=\"https:\/\/maximusatelier.com.br\/blog\/author\/nathalia-sartorato\/\">\n\t\t\t\t\t\t\t\tpor \t\t\t\t\t\t\t\tNathalia Sartorato\t\t\t\t\t\t\t<\/a>\n\t\t\t\t\t\t\t <a href=\"https:\/\/maximusatelier.com.br\/blog\/ele-tem-simplicidade-no-olhar-eron-zeni\/#respond\" class=\"post_meta_item post_counters_item post_counters_comments trx_addons_icon-comment\"><span class=\"post_counters_number\">0<\/span><span class=\"post_counters_label\">Coment\u00e1rios<\/span><\/a> \t\t<\/div><!-- .post_meta -->\n\t\t\t<\/div><\/article>\n<article id=\"post-2066\" \n\tclass=\"post_item post_layout_extra post_format_standard post-2066 post type-post status-publish format-standard has-post-thumbnail hentry category-lua-de-mel-e-vida-a-dois tag-amante tag-amante-tem-direitos tag-direitos tag-direitos-da-amante tag-direitos-do-amante tag-infidelidade tag-justica\"\t\t>\n\t<div class=\"post_featured with_thumb hover_simple post_featured_bg buzzstone_inline_1768987407\">\t\t\t\t\t\t<div class=\"mask\"><\/div>\n\t\t\t\t\t\t            <a href=\"https:\/\/maximusatelier.com.br\/blog\/oa-amante-tem-direitos\/\"  aria-hidden=\"true\" class=\"icons\"><\/a>\n            <span class=\"post_categories_style\"><a href=\"https:\/\/maximusatelier.com.br\/blog\/category\/lua-de-mel-e-vida-a-dois\/\" rel=\"category tag\">Lua de Mel e Vida a Dois<\/a><\/span><\/div><div class=\"wrap_post_content\">\t\t<div class=\"post_header entry-header\">\n\t\t\t<h2 class=\"post_title entry-title\"><a href=\"https:\/\/maximusatelier.com.br\/blog\/oa-amante-tem-direitos\/\" rel=\"bookmark\">O(a) amante tem direitos?<\/a><\/h2>\t\t<\/div><!-- .post_header -->\n\t\t\t\t<div class=\"post_content entry-content\">\n\t\t\t\t\t\t<div class=\"post_content_inner\">\n\t\t\t\tAmores paralelos, infidelidade e casos extraconjugais s\u00e3o fatos que fazem parte da hist\u00f3ria da human...\t\t\t\t<\/div>\n\t\t\t\t\t\t<\/div><!-- .entry-content -->\n\t\t\t\t<div class=\"post_meta\">\n\t\t\t\t\t\t\t\t\t\t<a class=\"post_meta_item post_author\" rel=\"author\" href=\"https:\/\/maximusatelier.com.br\/blog\/author\/daiana-gentilini\/\">\n\t\t\t\t\t\t\t\tpor \t\t\t\t\t\t\t\tDaiana Gentilini\t\t\t\t\t\t\t<\/a>\n\t\t\t\t\t\t\t <a href=\"https:\/\/maximusatelier.com.br\/blog\/oa-amante-tem-direitos\/#respond\" class=\"post_meta_item post_counters_item post_counters_comments trx_addons_icon-comment\"><span class=\"post_counters_number\">0<\/span><span class=\"post_counters_label\">Coment\u00e1rios<\/span><\/a> \t\t<\/div><!-- .post_meta -->\n\t\t\t<\/div><\/article>\n<article id=\"post-1959\" \n\tclass=\"post_item post_layout_extra post_format_standard post-1959 post type-post status-publish format-standard has-post-thumbnail hentry category-moda-festa category-moda-noiva category-vestidos-noiva tag-casamento tag-fotos-pre-wedding tag-look-pre-wedding tag-o-que-vestir tag-pre-casamento tag-pre-wedding tag-sessao-de-fotos-noivos post_emotion_main_like post_emotion_like\"\t\t>\n\t<div class=\"post_featured with_thumb hover_simple post_featured_bg buzzstone_inline_35889254\">\t\t\t\t\t\t<div class=\"mask\"><\/div>\n\t\t\t\t\t\t            <a href=\"https:\/\/maximusatelier.com.br\/blog\/pre-wedding-o-que-vestir\/\"  aria-hidden=\"true\" class=\"icons\"><\/a>\n            <span class=\"post_categories_style\"><a href=\"https:\/\/maximusatelier.com.br\/blog\/category\/moda-festa\/\" rel=\"category tag\">Moda Festa<\/a> <a href=\"https:\/\/maximusatelier.com.br\/blog\/category\/moda-noiva\/\" rel=\"category tag\">Moda Noiva<\/a> <a href=\"https:\/\/maximusatelier.com.br\/blog\/category\/vestidos-noiva\/\" rel=\"category tag\">Vestidos de Noiva<\/a><\/span><\/div><div class=\"wrap_post_content\">\t\t<div class=\"post_header entry-header\">\n\t\t\t<h2 class=\"post_title entry-title\"><a href=\"https:\/\/maximusatelier.com.br\/blog\/pre-wedding-o-que-vestir\/\" rel=\"bookmark\">Pr\u00e9-wedding: o que vestir?<\/a><\/h2>\t\t<\/div><!-- .post_header -->\n\t\t\t\t<div class=\"post_content entry-content\">\n\t\t\t\t\t\t<div class=\"post_content_inner\">\n\t\t\t\tQuem nunca ficou indecisa na hora de escolher os looks para a rom\u00e2ntica sess\u00e3o de fotos do pr\u00e9-weddi...\t\t\t\t<\/div>\n\t\t\t\t\t\t<\/div><!-- .entry-content -->\n\t\t\t\t<div class=\"post_meta\">\n\t\t\t\t\t\t\t\t\t\t<a class=\"post_meta_item post_author\" rel=\"author\" href=\"https:\/\/maximusatelier.com.br\/blog\/author\/roberta-pasqualatto\/\">\n\t\t\t\t\t\t\t\tpor \t\t\t\t\t\t\t\tRoberta Pasqualatto\t\t\t\t\t\t\t<\/a>\n\t\t\t\t\t\t\t <a href=\"https:\/\/maximusatelier.com.br\/blog\/pre-wedding-o-que-vestir\/#respond\" class=\"post_meta_item post_counters_item post_counters_comments trx_addons_icon-comment\"><span class=\"post_counters_number\">0<\/span><span class=\"post_counters_label\">Coment\u00e1rios<\/span><\/a> \t\t<\/div><!-- .post_meta -->\n\t\t\t<\/div><\/article>\n<\/div><nav class=\"sc_blogger_pagination sc_item_pagination sc_item_pagination_load_more nav-links-more  sc_align_left\" data-params=\"a:51:{s:4:&quot;type&quot;;s:5:&quot;extra&quot;;s:12:&quot;hide_excerpt&quot;;s:0:&quot;&quot;;s:8:&quot;no_links&quot;;s:0:&quot;&quot;;s:9:&quot;post_type&quot;;s:4:&quot;post&quot;;s:8:&quot;taxonomy&quot;;s:8:&quot;category&quot;;s:3:&quot;cat&quot;;s:1:&quot;0&quot;;s:5:&quot;count&quot;;i:6;s:7:&quot;columns&quot;;i:6;s:6:&quot;offset&quot;;i:0;s:7:&quot;orderby&quot;;s:9:&quot;post_date&quot;;s:5:&quot;order&quot;;s:4:&quot;desc&quot;;s:3:&quot;ids&quot;;s:0:&quot;&quot;;s:12:&quot;show_filters&quot;;s:0:&quot;&quot;;s:16:&quot;taxonomy_filters&quot;;s:8:&quot;category&quot;;s:14:&quot;filters_active&quot;;s:0:&quot;&quot;;s:11:&quot;ids_filters&quot;;a:0:{}s:16:&quot;show_all_filters&quot;;s:1:&quot;1&quot;;s:18:&quot;show_style_filters&quot;;s:1:&quot;0&quot;;s:20:&quot;all_btn_text_filters&quot;;s:0:&quot;&quot;;s:9:&quot;more_text&quot;;s:8:&quot;Ler mais&quot;;s:10:&quot;pagination&quot;;s:9:&quot;load_more&quot;;s:4:&quot;page&quot;;i:1;s:6:&quot;slider&quot;;b:0;s:17:&quot;slider_pagination&quot;;s:4:&quot;none&quot;;s:15:&quot;slider_controls&quot;;s:4:&quot;none&quot;;s:12:&quot;slides_space&quot;;i:0;s:15:&quot;slides_centered&quot;;s:0:&quot;&quot;;s:15:&quot;slides_overflow&quot;;s:0:&quot;&quot;;s:18:&quot;slider_mouse_wheel&quot;;s:0:&quot;&quot;;s:15:&quot;slider_autoplay&quot;;i:1;s:5:&quot;title&quot;;s:0:&quot;&quot;;s:8:&quot;subtitle&quot;;s:0:&quot;&quot;;s:11:&quot;description&quot;;s:0:&quot;&quot;;s:4:&quot;link&quot;;s:0:&quot;&quot;;s:10:&quot;link_style&quot;;s:7:&quot;default&quot;;s:10:&quot;link_image&quot;;s:0:&quot;&quot;;s:9:&quot;link_text&quot;;s:10:&quot;Saiba mais&quot;;s:11:&quot;title_align&quot;;s:4:&quot;left&quot;;s:11:&quot;title_style&quot;;s:7:&quot;default&quot;;s:9:&quot;title_tag&quot;;s:0:&quot;&quot;;s:11:&quot;title_color&quot;;s:0:&quot;&quot;;s:12:&quot;title_color2&quot;;s:0:&quot;&quot;;s:18:&quot;gradient_direction&quot;;s:0:&quot;&quot;;s:2:&quot;id&quot;;s:20:&quot;sc_blogger_427877458&quot;;s:5:&quot;class&quot;;s:0:&quot;&quot;;s:3:&quot;css&quot;;s:0:&quot;&quot;;s:6:&quot;scheme&quot;;s:7:&quot;inherit&quot;;s:11:&quot;color_style&quot;;s:7:&quot;default&quot;;s:5:&quot;hover&quot;;s:7:&quot;inherit&quot;;s:15:&quot;posts_container&quot;;s:26:&quot;posts_container extra_wrap&quot;;s:2:&quot;sc&quot;;s:10:&quot;sc_blogger&quot;;}\">\n\t\t\t\t<a class=\"nav-links\" data-page=\"2\" data-max-page=\"20\"><span>Carregar Mais<\/span><\/a>\n\t\t\t<\/nav><\/div>[\/vc_column][\/vc_row]<\/p>\n<\/div>","protected":false},"excerpt":{"rendered":"<p>\ufeff[vc_row full_width=&#8221;stretch_row&#8221; scheme=&#8221;dark&#8221; hide_bg_image_on_tablet=&#8221;&#8221; hide_bg_image_on_mobile=&#8221;&#8221; css=&#8221;.vc_custom_1593103165866{margin-top: -80px !important;margin-right: 0px !important;margin-bottom: 30px !important;margin-left: 0px !important;background-image: url(https:\/\/maximusatelier.com.br\/blog\/wp-content\/uploads\/2020\/06\/bg-blog-2.jpg?id=4307) !important;background-position: center !important;background-repeat: no-repeat !important;background-size: cover !important;border-radius: 5px !important;}&#8221;][vc_column icons_position=&#8221;left&#8221;][vc_empty_space height=&#8221;120px&#8221; alter_height=&#8221;none&#8221; hide_on_wide=&#8221;&#8221;&hellip;<\/p>\n","protected":false},"author":1,"featured_media":0,"parent":0,"menu_order":0,"comment_status":"closed","ping_status":"closed","template":"","meta":{"footnotes":""},"class_list":["post-37","page","type-page","status-publish","hentry","post_emotion_main_like","post_emotion_like"],"_links":{"self":[{"href":"https:\/\/maximusatelier.com.br\/blog\/wp-json\/wp\/v2\/pages\/37","targetHints":{"allow":["GET"]}}],"collection":[{"href":"https:\/\/maximusatelier.com.br\/blog\/wp-json\/wp\/v2\/pages"}],"about":[{"href":"https:\/\/maximusatelier.com.br\/blog\/wp-json\/wp\/v2\/types\/page"}],"author":[{"embeddable":true,"href":"https:\/\/maximusatelier.com.br\/blog\/wp-json\/wp\/v2\/users\/1"}],"replies":[{"embeddable":true,"href":"https:\/\/maximusatelier.com.br\/blog\/wp-json\/wp\/v2\/comments?post=37"}],"version-history":[{"count":6,"href":"https:\/\/maximusatelier.com.br\/blog\/wp-json\/wp\/v2\/pages\/37\/revisions"}],"predecessor-version":[{"id":4310,"href":"https:\/\/maximusatelier.com.br\/blog\/wp-json\/wp\/v2\/pages\/37\/revisions\/4310"}],"wp:attachment":[{"href":"https:\/\/maximusatelier.com.br\/blog\/wp-json\/wp\/v2\/media?parent=37"}],"curies":[{"name":"wp","href":"https:\/\/api.w.org\/{rel}","templated":true}]}}